{"id":1066,"date":"2025-09-14T19:13:35","date_gmt":"2025-09-14T19:13:35","guid":{"rendered":"https:\/\/drstaribacher.at\/public_html\/mobile\/?page_id=1066"},"modified":"2026-01-15T23:13:12","modified_gmt":"2026-01-15T23:13:12","slug":"impressum","status":"publish","type":"page","link":"https:\/\/drstaribacher.at\/public_html\/mobile\/impressum\/","title":{"rendered":"Impressum"},"content":{"rendered":"<p>[vc_row][vc_column]<div class=\"dfd-spacer-module\"  data-units=\"px\" data-wide_resolution=\"1280\" data-wide_size=\"100\" data-normal_resolution=\"1024\" data-normal_size=\"100\" data-tablet_resolution=\"800\" data-tablet_size=\"50\" data-mobile_resolution=\"480\" data-mobile_size=\"50\" style=\"height: 100px;\"><\/div>[vc_column_text]<span style=\"color: #000000;\">Offenlegung nach \u00a7 5 ECG und \u00a7 25 Abs 5 MedienG:<\/span><\/p>\n<p><span style=\"color: #000000;\">Dienstanbieter und Medieninhaber<\/span><\/p>\n<p><span style=\"color: #000000;\"><strong>Dr. med univ. Daniel Staribacher, MBA, LL. M, FACS<\/strong><\/span><br \/>\n<span style=\"color: #000000;\">Brahmsplatz 7\/8<\/span><br \/>\n<span style=\"color: #000000;\">1040 Wien<\/span><\/p>\n<p><span style=\"color: #000000;\">Tel. +43 (01) 996 21 30<\/span><br \/>\n<span style=\"color: #000000;\">Fax +43 (01) 996 21 30-11<\/span><br \/>\n<span style=\"color: #000000;\">E-Mail <a style=\"color: #000000;\" href=\"mailto:ordination@wirbelsaeulen-zentrum.at\">ordination@wirbelsaeulen-zentrum.at<\/a><\/span><br \/>\n<span style=\"color: #000000;\">Internet: www.drstaribacher.at<\/span><\/p>\n<p><span style=\"color: #000000;\">Mitglied der \u00c4rztekammer f\u00fcr Wien<\/span><\/p>\n<p><span style=\"color: #000000;\">Berufsrecht: \u00c4rztegesetz (abrufbar unter: www.ris.bka.gv.at\/bundesrecht)<\/span><\/p>\n<p><span style=\"color: #000000;\">Berufsbezeichnung: Facharzt f\u00fcr Neurochirurgie, Facharzt f\u00fcr Orthop\u00e4die und orthop\u00e4dische Chirurgie sowie Facharzt f\u00fcr Unfallchirurgie<\/span><\/p>\n<p><span style=\"color: #000000;\">Berufsbezeichnung verliehen in: \u00d6sterreich<\/span><\/p>\n<p><span style=\"color: #000000;\">Die Inhalte dieser Website werden fortlaufend \u00fcberpr\u00fcft und gegebenenfalls aktualisiert. F\u00fcr Sch\u00e4den, die im unmittelbaren oder mittelbaren Zusammenhang mit den Informationen auf der Website entstehen, kann keine Haftung \u00fcbernommen werden. Ich \u00fcbernehme keinerlei Gew\u00e4hr f\u00fcr die Aktualit\u00e4t oder M\u00e4ngelfreiheit der Inhalte und der Angaben auf der Website. Jegliche Nutzung dieser Website oder aller mit diesen verbundenen Link-Seiten, sowie deren Inhalt, geschieht auf eigene Gefahr des Nutzers. Diese Website enth\u00e4lt auch Informationen von Dritten und verweist auf andere Internet-Seiten (Links). Ich bin weder f\u00fcr deren Inhalt verantwortlich, noch f\u00fcr die Wahrung des Datenschutzes beim Besuch dieser Seiten. Links zu anderen Anbietern sind stets als solche erkennbar. In Zweifelsf\u00e4llen: Alle meine Seiten enthalten einen Verweis auf das Impressum der Website.<\/span><\/p>\n<p><span style=\"color: #000000;\">Copyrights: Die auf dieser Website verwendeten Bilder sind eigens f\u00fcr diese Website angefertigt worden; einige Bilder sind lizenzierte Fotos von Adobe Stock und sind deshalb ausschlie\u00dflich im Zusammenhang mit der Ordination Dr. med univ. Daniel Staribacher, MBA, LL. M, FACS zu verwenden. Auf dieser Website werden ggf. eingetragene Marken, Handelsnamen, Gebrauchsmuster und Logos verwendet. Auch wenn diese nicht explizit als solche gekennzeichnet sind, gelten die entsprechenden gesetzlichen Bestimmungen.<\/span><\/p>\n<p><span style=\"color: #000000;\">Page Design,Programmierung u. Fotografie(Urheberrecht &amp; Copyrights): \u00a9Dr. med univ. Daniel Staribacher, MBA, LL. M, FACS<\/span>[\/vc_column_text]<div class=\"dfd-spacer-module\"  data-units=\"px\" data-wide_resolution=\"1280\" data-wide_size=\"100\" data-normal_resolution=\"1024\" data-normal_size=\"100\" data-tablet_resolution=\"800\" data-tablet_size=\"50\" data-mobile_resolution=\"480\" data-mobile_size=\"50\" style=\"height: 100px;\"><\/div>[\/vc_column][\/vc_row]<\/p>\n","protected":false},"excerpt":{"rendered":"<p>[vc_row][vc_column][vc_column_text]Offenlegung nach \u00a7 5 ECG und \u00a7 25 Abs 5 MedienG: Dienstanbieter und Medieninhaber Dr. med univ. Daniel Staribacher, MBA, LL. M, FACS Brahmsplatz 7\/8 1040 Wien Tel. +43 (01)<\/p>\n","protected":false},"author":1,"featured_media":0,"parent":0,"menu_order":0,"comment_status":"closed","ping_status":"closed","template":"","meta":{"inline_featured_image":false,"footnotes":""},"class_list":["post-1066","page","type-page","status-publish","hentry"],"_links":{"self":[{"href":"https:\/\/drstaribacher.at\/public_html\/mobile\/wp-json\/wp\/v2\/pages\/1066","targetHints":{"allow":["GET"]}}],"collection":[{"href":"https:\/\/drstaribacher.at\/public_html\/mobile\/wp-json\/wp\/v2\/pages"}],"about":[{"href":"https:\/\/drstaribacher.at\/public_html\/mobile\/wp-json\/wp\/v2\/types\/page"}],"author":[{"embeddable":true,"href":"https:\/\/drstaribacher.at\/public_html\/mobile\/wp-json\/wp\/v2\/users\/1"}],"replies":[{"embeddable":true,"href":"https:\/\/drstaribacher.at\/public_html\/mobile\/wp-json\/wp\/v2\/comments?post=1066"}],"version-history":[{"count":4,"href":"https:\/\/drstaribacher.at\/public_html\/mobile\/wp-json\/wp\/v2\/pages\/1066\/revisions"}],"predecessor-version":[{"id":1102,"href":"https:\/\/drstaribacher.at\/public_html\/mobile\/wp-json\/wp\/v2\/pages\/1066\/revisions\/1102"}],"wp:attachment":[{"href":"https:\/\/drstaribacher.at\/public_html\/mobile\/wp-json\/wp\/v2\/media?parent=1066"}],"curies":[{"name":"wp","href":"https:\/\/api.w.org\/{rel}","templated":true}]}}