{"id":1104,"date":"2026-03-23T21:22:18","date_gmt":"2026-03-23T21:22:18","guid":{"rendered":"https:\/\/drstaribacher.at\/public_html\/mobile\/?page_id=1104"},"modified":"2026-03-23T21:22:18","modified_gmt":"2026-03-23T21:22:18","slug":"flugmedizinische-untersuchungen","status":"publish","type":"page","link":"https:\/\/drstaribacher.at\/public_html\/mobile\/flugmedizinische-untersuchungen\/","title":{"rendered":"Flugmedizinische Untersuchungen"},"content":{"rendered":"<p>[vc_section][vc_row css=&#8220;.vc_custom_1757624238625{background-color: #f4f4f4 !important;}&#8220;][vc_column]<div class=\"bb-responsive-pro\"><div class=\"dfd-spacer-module\"  data-units=\"px\" data-wide_resolution=\"1280\" data-wide_size=\"50\" data-normal_resolution=\"1024\" data-normal_size=\"50\" data-tablet_resolution=\"800\" data-tablet_size=\"20\" data-mobile_resolution=\"480\" data-mobile_size=\"20\" style=\"height: 50px;\"><\/div><div class=\"dfd-spacer-module\"  data-units=\"px\" data-wide_resolution=\"1280\" data-wide_size=\"50\" data-normal_resolution=\"1024\" data-normal_size=\"50\" data-tablet_resolution=\"800\" data-tablet_size=\"20\" data-mobile_resolution=\"480\" data-mobile_size=\"20\" style=\"height: 50px;\"><\/div><div class=\"dfd-heading-shortcode\"><div class=\"dfd-heading-module-wrap  text-center style_01 dfd-heading-69ecbbcde66bc dfd-disable-resposive-headings\" id=\"dfd-heading-69ecbbcde66bc\" ><div class=\"inline-block\"><div class=\"dfd-heading-module\"><h5 class=\"widget-title dfd-title \" style=\"font-size: 22px; letter-spacing: 0px; \"><\/p>\n<p class=\"widget-title dfd-title \">Flugmedizinische Untersuchungen<\/p>\n<p><\/h5><div class=\"dfd-heading-delimiter dfd-img-lazy-load\"><\/div><\/div><\/div><\/div><script type=\"text\/javascript\">\n\t\t\t\t\t\t\t\t\t(function($) {\n\t\t\t\t\t\t\t\t\t\t$(\"head\").append(\"<style>.dfd-heading-69ecbbcde66bc.dfd-heading-module-wrap .dfd-heading-module .dfd-heading-delimiter {border-bottom-style:solid;border-bottom-width:1px;width:100px;border-bottom-color:#dddddd;}.dfd-heading-69ecbbcde66bc.dfd-heading-module-wrap .dfd-heading-module .dfd-heading-delimiter {margin-top:10px;margin-bottom:10px;}<\/style>\");\n\t\t\t\t\t\t\t\t\t})(jQuery);\n\t\t\t\t\t\t\t\t<\/script><\/div><div class=\"dfd-heading-shortcode\"><div class=\"dfd-heading-module-wrap  text-left style_01 dfd-heading-69ecbbcde694d dfd-disable-resposive-headings\" id=\"dfd-heading-69ecbbcde694d\" ><div class=\"inline-block\"><div class=\"dfd-heading-module\"><div class=\"widget-title dfd-title block-title\" style=\"font-style:italic; \">Als zertifizierter flugmedizinischer Sachverst\u00e4ndiger (Aeromedical Examiner, AME) biete ich flugmedizinische Untersuchungen gem\u00e4\u00df den aktuellen Vorgaben der EASA und der nationalen Luftfahrtbeh\u00f6rden an.<\/p>\n<p>Das Angebot richtet sich an:<br \/>\n\u2022 Privatpilot:innen (Klasse 2 \/ PPL)<br \/>\n\u2022 LAPL-Inhaber:innen<br \/>\n\u2022 Flugbegleiter:innen (Cabin Crew, CC)<\/p>\n<p>Ich f\u00fchre sowohl Erstuntersuchungen als auch Verl\u00e4ngerungen und Erneuerungen von Tauglichkeitszeugnissen durch.<\/p>\n<p>Im Rahmen der Untersuchung erfolgt eine strukturierte und umfassende Beurteilung Ihrer k\u00f6rperlichen und geistigen Fitness f\u00fcr den sicheren Flugbetrieb. Dazu geh\u00f6ren \u2013 je nach Anforderung \u2013 eine ausf\u00fchrliche Anamnese, klinische Untersuchung sowie gegebenenfalls erg\u00e4nzende diagnostische Ma\u00dfnahmen.<br \/>\nDie Untersuchung dauert in der Regel etwa 45 Minuten.<\/div><\/div><\/div><\/div><script type=\"text\/javascript\">\n\t\t\t\t\t\t\t\t\t(function($) {\n\t\t\t\t\t\t\t\t\t\t$(\"head\").append(\"<style>.dfd-heading-69ecbbcde694d.dfd-heading-module-wrap .dfd-heading-module .dfd-heading-delimiter {margin-top:10px;margin-bottom:10px;}<\/style>\");\n\t\t\t\t\t\t\t\t\t})(jQuery);\n\t\t\t\t\t\t\t\t<\/script><\/div><div class=\"dfd-spacer-module\"  data-units=\"px\" data-wide_resolution=\"1280\" data-wide_size=\"50\" data-normal_resolution=\"1024\" data-normal_size=\"50\" data-tablet_resolution=\"800\" data-tablet_size=\"20\" data-mobile_resolution=\"480\" data-mobile_size=\"20\" style=\"height: 50px;\"><\/div><div id=\"dfd-button-69ecbbcde6c14\" class=\"dfd-button-module-wrap dfd-button-69ecbbcde6c14\"><div class=\"dfd-button-module  style_1 text-center dfd-horizontal dfd-top-to-bottom dfd-button-icon-left dfd-button-icon-hover-simple\" ><a href=\"https:\/\/patient.latido.at\/booking\/select;profileid=6889194dd64042efe56126d9;coredataid=68b5b0662a59ebf10f267463\" title=\"Online Terminvereinbarung\" target=\"_blank\" class=\"dfd-button-link\"><span class=\"dfd-button-inner-cover\"><span class=\"dfd-button-text-main\"><i class=\"dfd-icon-calendar_date2\"><\/i>Online Termin<\/span><\/span><span class=\"dfd-button-border-decoration\"><\/span><\/a><\/div><script type=\"text\/javascript\">\n\t\t\t\t\t\t\t\t\t(function($) {$(\"head\").append(\"<style>#dfd-button-69ecbbcde6c14.dfd-button-module-wrap .dfd-button-module .dfd-button-link .dfd-button-inner-cover,.dfd-button-69ecbbcde6c14.dfd-button-module-wrap .dfd-button-module .dfd-button-link .dfd-button-border-decoration,.dfd-button-69ecbbcde6c14.dfd-button-module-wrap .dfd-button-module .dfd-button-link .dfd-button-inner-cover {border-radius:25px;}#dfd-button-69ecbbcde6c14.dfd-button-module-wrap .dfd-button-module:not(.style_4) .dfd-button-link .dfd-button-inner-cover:before,#dfd-button-69ecbbcde6c14.dfd-button-module-wrap .dfd-button-module.style_4 .dfd-button-link .dfd-button-inner-cover:after,#dfd-button-69ecbbcde6c14.dfd-button-module-wrap .dfd-button-module.style_6 .dfd-button-link .dfd-button-inner-cover .dfd-button-text-main,.dfd-button-69ecbbcde6c14.dfd-button-module-wrap .dfd-button-module:not(.style_4) .dfd-button-link .dfd-button-inner-cover:before,.dfd-button-69ecbbcde6c14.dfd-button-module-wrap .dfd-button-module.style_4 .dfd-button-link .dfd-button-inner-cover:after,.dfd-button-69ecbbcde6c14.dfd-button-module-wrap .dfd-button-module.style_6 .dfd-button-link .dfd-button-inner-cover .dfd-button-text-main {background: #c39f76;border-style:solid;border-width:1px;border-radius:25px;border-color:#f4f4f4;}#dfd-button-69ecbbcde6c14.dfd-button-module-wrap .dfd-button-module:not(.style_6) .dfd-button-link:hover .dfd-button-inner-cover .dfd-button-text-main,#dfd-button-69ecbbcde6c14.dfd-button-module-wrap .dfd-button-module .dfd-button-link .dfd-button-inner-cover .dfd-button-text-hover,.dfd-button-69ecbbcde6c14.dfd-button-module-wrap .dfd-button-module:not(.style_6) .dfd-button-link:hover .dfd-button-inner-cover .dfd-button-text-main,.dfd-button-69ecbbcde6c14.dfd-button-module-wrap .dfd-button-module .dfd-button-link .dfd-button-inner-cover .dfd-button-text-hover {color: #000000;}#dfd-button-69ecbbcde6c14.dfd-button-module-wrap .dfd-button-module .dfd-button-link:hover .dfd-button-inner-cover,.dfd-button-69ecbbcde6c14.dfd-button-module-wrap .dfd-button-module .dfd-button-link:hover .dfd-button-border-decoration,.dfd-button-69ecbbcde6c14.dfd-button-module-wrap .dfd-button-module .dfd-button-link:hover .dfd-button-inner-cover {border-radius:25px;}#dfd-button-69ecbbcde6c14.dfd-button-module-wrap .dfd-button-module:not(.style_4) .dfd-button-link .dfd-button-inner-cover:after,#dfd-button-69ecbbcde6c14.dfd-button-module-wrap .dfd-button-module.style_4 .dfd-button-link .dfd-button-inner-cover:before,#dfd-button-69ecbbcde6c14.dfd-button-module-wrap .dfd-button-module .dfd-button-link .dfd-button-inner-cover .dfd-button-text-hover .dfd-button-69ecbbcde6c14.dfd-button-module-wrap .dfd-button-module:not(.style_4) .dfd-button-link .dfd-button-inner-cover:after,.dfd-button-69ecbbcde6c14.dfd-button-module-wrap .dfd-button-module.style_4 .dfd-button-link .dfd-button-inner-cover:before,.dfd-button-69ecbbcde6c14.dfd-button-module-wrap .dfd-button-module .dfd-button-link .dfd-button-inner-cover .dfd-button-text-hover {background: #c39f76;border-style:solid;border-width:1px;border-radius:25px;border-color:#c39f76;}#dfd-button-69ecbbcde6c14.dfd-button-module-wrap .dfd-button-module.style_3 .dfd-button-link:hover .dfd-button-inner-cover:before,#dfd-button-69ecbbcde6c14.dfd-button-module-wrap .dfd-button-module.style_4 .dfd-button-link:hover .dfd-button-inner-cover:before,.dfd-button-69ecbbcde6c14.dfd-button-module-wrap .dfd-button-module.style_3 .dfd-button-link:hover .dfd-button-inner-cover:before,.dfd-button-69ecbbcde6c14.dfd-button-module-wrap .dfd-button-module.style_4 .dfd-button-link:hover .dfd-button-inner-cover:before {border-style:solid;border-width:1px;border-radius:25px;border-color:#c39f76;}#dfd-button-69ecbbcde6c14.dfd-button-module-wrap .dfd-button-module .dfd-button-link:hover .dfd-button-inner-cover,.dfd-button-69ecbbcde6c14.dfd-button-module-wrap .dfd-button-module .dfd-button-link:hover .dfd-button-inner-cover {-webkit-box-shadow: 0px 15px 50px 0px rgba(0,0,0,.35);-moz-box-shadow: 0px 15px 50px 0px rgba(0,0,0,.35);-o-box-shadow: 0px 15px 50px 0px rgba(0,0,0,.35);box-shadow: 0px 15px 50px 0px rgba(0,0,0,.35);}.dfd-button-69ecbbcde6c14.dfd-button-module-wrap .dfd-button-module .dfd-button-link .dfd-button-border-decoration {border-width: 10px;}.dfd-button-69ecbbcde6c14.dfd-button-module-wrap .dfd-button-module .dfd-button-link .dfd-button-border-decoration {border-color: #f4f4f4;}.dfd-button-69ecbbcde6c14.dfd-button-module-wrap .dfd-button-module .dfd-button-link:hover .dfd-button-border-decoration {border-color: #f4f4f4;}.dfd-button-69ecbbcde6c14.dfd-button-module-wrap .dfd-button-module .dfd-button-link .dfd-button-border-decoration {-webkit-transform: translate(0px, 0px);-moz-transform: translate(0px, 0px);-o-transform: translate(0px, 0px);transform: translate(0px, 0px);}.dfd-button-69ecbbcde6c14.dfd-button-module-wrap .dfd-button-module .dfd-button-link:hover .dfd-button-border-decoration {-webkit-transform: translate(0px, 0px);-moz-transform: translate(0px, 0px);-o-transform: translate(0px, 0px);transform: translate(0px, 0px);}<\/style>\")\n\t\t\t\t\t\t\t\t\t})(jQuery);\n\t\t\t\t\t\t\t\t<\/script><\/div><div class=\"dfd-spacer-module\"  data-units=\"px\" data-wide_resolution=\"1280\" data-wide_size=\"50\" data-normal_resolution=\"1024\" data-normal_size=\"50\" data-tablet_resolution=\"800\" data-tablet_size=\"20\" data-mobile_resolution=\"480\" data-mobile_size=\"20\" style=\"height: 50px;\"><\/div>[vc_row_inner css=&#8220;.vc_custom_1757454342470{padding-left: 5% !important;background-color: #f4f4f4 !important;}&#8220;][vc_column_inner col_inner_shadow=&#8220;box_shadow_enable:disable|shadow_horizontal:0|shadow_vertical:15|shadow_blur:50|shadow_spread:0|box_shadow_color:rgba(0%2C0%2C0%2C.35)&#8220; col_inner_shadow_hover=&#8220;box_shadow_enable:disable|shadow_horizontal:500|shadow_vertical:15|shadow_blur:50|shadow_spread:50|box_shadow_color:rgba(0%2C0%2C0%2C.35)&#8220;]<div class=\"dfd-spacer-module\"  data-units=\"px\" data-wide_resolution=\"1280\" data-wide_size=\"50\" data-normal_resolution=\"1024\" data-normal_size=\"50\" data-tablet_resolution=\"800\" data-tablet_size=\"20\" data-mobile_resolution=\"480\" data-mobile_size=\"20\" style=\"height: 50px;\"><\/div><div class=\"dfd-heading-shortcode\"><div class=\"dfd-heading-module-wrap  text-left style_01 dfd-heading-69ecbbcde6ef1 dfd-disable-resposive-headings\" id=\"dfd-heading-69ecbbcde6ef1\" ><div class=\"inline-block\"><div class=\"dfd-heading-module\"><div class=\"widget-title dfd-title block-title\" style=\"font-style:italic; \">Ein besonderer Fokus liegt auf einer individuellen, praxisnahen und transparenten Beratung. Durch meine langj\u00e4hrige T\u00e4tigkeit in der Notfallmedizin und Flugrettung kenne ich die Anforderungen des Flugbetriebs aus erster Hand und begleite Sie kompetent durch den gesamten Prozess \u2013 von der Terminvereinbarung bis zur Ausstellung des Tauglichkeitszeugnisses.<\/p>\n<p>Bitte bringen Sie zum Termin mit:<br \/>\n\u2022 g\u00fcltigen Lichtbildausweis<br \/>\n\u2022 Pilotenlizenz (falls vorhanden)<br \/>\n\u2022 bestehendes Tauglichkeitszeugnis (bei Verl\u00e4ngerung\/Erneuerung)<br \/>\n\u2022 relevante medizinische Vorbefunde<br \/>\n<\/div><\/div><\/div><\/div><script type=\"text\/javascript\">\n\t\t\t\t\t\t\t\t\t(function($) {\n\t\t\t\t\t\t\t\t\t\t$(\"head\").append(\"<style>.dfd-heading-69ecbbcde6ef1.dfd-heading-module-wrap .dfd-heading-module .dfd-heading-delimiter {margin-top:10px;margin-bottom:10px;}<\/style>\");\n\t\t\t\t\t\t\t\t\t})(jQuery);\n\t\t\t\t\t\t\t\t<\/script><\/div>[\/vc_column_inner][\/vc_row_inner]<\/div><div class=\"dfd-spacer-module\"  data-units=\"px\" data-wide_resolution=\"1280\" data-wide_size=\"50\" data-normal_resolution=\"1024\" data-normal_size=\"50\" data-tablet_resolution=\"800\" data-tablet_size=\"20\" data-mobile_resolution=\"480\" data-mobile_size=\"20\" style=\"height: 50px;\"><\/div><div class=\"dfd-spacer-module\"  data-units=\"px\" data-wide_resolution=\"1280\" data-wide_size=\"50\" data-normal_resolution=\"1024\" data-normal_size=\"50\" data-tablet_resolution=\"800\" data-tablet_size=\"20\" data-mobile_resolution=\"480\" data-mobile_size=\"20\" style=\"height: 50px;\"><\/div>[\/vc_column][\/vc_row][\/vc_section]<\/p>\n","protected":false},"excerpt":{"rendered":"<p>[vc_section][vc_row css=&#8220;.vc_custom_1757624238625{background-color: #f4f4f4 !important;}&#8220;][vc_column][\/vc_column][\/vc_row][\/vc_section]<\/p>\n","protected":false},"author":1,"featured_media":0,"parent":0,"menu_order":0,"comment_status":"closed","ping_status":"closed","template":"page-custom-with-header.php","meta":{"inline_featured_image":false,"footnotes":""},"class_list":["post-1104","page","type-page","status-publish","hentry"],"_links":{"self":[{"href":"https:\/\/drstaribacher.at\/public_html\/mobile\/wp-json\/wp\/v2\/pages\/1104","targetHints":{"allow":["GET"]}}],"collection":[{"href":"https:\/\/drstaribacher.at\/public_html\/mobile\/wp-json\/wp\/v2\/pages"}],"about":[{"href":"https:\/\/drstaribacher.at\/public_html\/mobile\/wp-json\/wp\/v2\/types\/page"}],"author":[{"embeddable":true,"href":"https:\/\/drstaribacher.at\/public_html\/mobile\/wp-json\/wp\/v2\/users\/1"}],"replies":[{"embeddable":true,"href":"https:\/\/drstaribacher.at\/public_html\/mobile\/wp-json\/wp\/v2\/comments?post=1104"}],"version-history":[{"count":2,"href":"https:\/\/drstaribacher.at\/public_html\/mobile\/wp-json\/wp\/v2\/pages\/1104\/revisions"}],"predecessor-version":[{"id":1106,"href":"https:\/\/drstaribacher.at\/public_html\/mobile\/wp-json\/wp\/v2\/pages\/1104\/revisions\/1106"}],"wp:attachment":[{"href":"https:\/\/drstaribacher.at\/public_html\/mobile\/wp-json\/wp\/v2\/media?parent=1104"}],"curies":[{"name":"wp","href":"https:\/\/api.w.org\/{rel}","templated":true}]}}