{"id":908,"date":"2025-09-11T19:38:25","date_gmt":"2025-09-11T19:38:25","guid":{"rendered":"https:\/\/drstaribacher.at\/public_html\/mobile\/?page_id=908"},"modified":"2025-10-05T17:53:36","modified_gmt":"2025-10-05T17:53:36","slug":"ueber-mich","status":"publish","type":"page","link":"https:\/\/drstaribacher.at\/public_html\/mobile\/ueber-mich\/","title":{"rendered":"\u00dcber mich"},"content":{"rendered":"<p>[vc_row][vc_column]<div class=\"bb-responsive-pro\"><div class=\"dfd-spacer-module\"  data-units=\"px\" data-wide_resolution=\"1280\" data-wide_size=\"50\" data-normal_resolution=\"1024\" data-normal_size=\"50\" data-tablet_resolution=\"800\" data-tablet_size=\"20\" data-mobile_resolution=\"480\" data-mobile_size=\"20\" style=\"height: 50px;\"><\/div><div class=\"dfd-heading-shortcode\"><div class=\"dfd-heading-module-wrap  text-center style_01 dfd-heading-69ecba06e57fe dfd-disable-resposive-headings\" id=\"dfd-heading-69ecba06e57fe\" ><div class=\"inline-block\"><div class=\"dfd-heading-module\"><h5 class=\"widget-title dfd-title \" style=\"font-size: 17px; letter-spacing: 0px; \">Dr. med. univ. Daniel Staribacher, MBA, LL.M., FACS<\/h5><div class=\"dfd-heading-delimiter dfd-img-lazy-load\"><\/div><\/div><\/div><\/div><script type=\"text\/javascript\">\n\t\t\t\t\t\t\t\t\t(function($) {\n\t\t\t\t\t\t\t\t\t\t$(\"head\").append(\"<style>.dfd-heading-69ecba06e57fe.dfd-heading-module-wrap .dfd-heading-module .dfd-heading-delimiter {border-bottom-style:solid;border-bottom-width:1px;width:100px;border-bottom-color:#dddddd;}.dfd-heading-69ecba06e57fe.dfd-heading-module-wrap .dfd-heading-module .dfd-heading-delimiter {margin-top:10px;margin-bottom:10px;}<\/style>\");\n\t\t\t\t\t\t\t\t\t})(jQuery);\n\t\t\t\t\t\t\t\t<\/script><\/div><div class=\"dfd-heading-shortcode\"><div class=\"dfd-heading-module-wrap  text-left style_01 cr-animate-gen dfd-heading-69ecba06e5a37 dfd-disable-resposive-headings\" id=\"dfd-heading-69ecba06e5a37\" data-animate-type = \"transition.slideLeftBigIn\" ><div class=\"inline-block\"><div class=\"dfd-heading-module\"><h4 class=\"widget-title dfd-title \" style=\"font-family:Rosario; font-weight:400; font-style:normal; font-size: 18px; color: #000000 !important; line-height: 28px; letter-spacing: 1px; font-style:italic; \">Leiter Wirbels\u00e4ulenzentrum der Klinik f\u00fcr minimalinvasive Neurochirurgie, Klinik Oberwart und stellvertretender Abteilungsleiter<\/h4><\/div><\/div><\/div><script type=\"text\/javascript\">\n\t\t\t\t\t\t\t\t\t(function($) {\n\t\t\t\t\t\t\t\t\t\t$(\"head\").append(\"<style>.dfd-heading-69ecba06e5a37.dfd-heading-module-wrap .dfd-heading-module .dfd-heading-delimiter {margin-top:10px;margin-bottom:10px;}<\/style>\");\n\t\t\t\t\t\t\t\t\t})(jQuery);\n\t\t\t\t\t\t\t\t<\/script><\/div><div class=\"dfd-spacer-module\"  data-units=\"px\" data-wide_resolution=\"1280\" data-wide_size=\"50\" data-normal_resolution=\"1024\" data-normal_size=\"50\" data-tablet_resolution=\"800\" data-tablet_size=\"20\" data-mobile_resolution=\"480\" data-mobile_size=\"20\" style=\"height: 50px;\"><\/div><div class=\"cq-tabs \" style=\"width:100%\" data-tabsstyle=\"style3\" data-titlebg=\"rgba(255,255,255,0.5)\" data-titlecolor=\"#000000\" data-titlehoverbg=\"#c39f76\" data-titlehovercolor=\"\" data-rotatetabs=\"0\"><ul class=\"cq-tabmenu style3\"><li style=\"background-color:rgba(255,255,255,0.5);\"><a href=\"#\" style=\"color:#000000;\"><span><i class=\"cq-tab-icon vc-material vc-material-apps\"><\/i> Mein Weg zur Wirbels\u00e4ulenmedizin<\/span><\/a><\/li><li style=\"background-color:rgba(255,255,255,0.5);\"><a href=\"#\" style=\"color:#000000;\"><span><i class=\"cq-tab-icon vc-material vc-material-apps\"><\/i> Dr Daniel Staribacher<\/span><\/a><\/li><\/ul><div class=\"cq-tabcontent style3\" style=\"background:;\"><div class=\"cq-tabitem\" style=\"color:;\"><em>Als Facharzt f\u00fcr Neurochirurgie, Orthop\u00e4die und Orthop\u00e4dische Chirurgie sowie Unfallchirurgie vereine ich drei gro\u00dfe medizinische Disziplinen \u2013 und damit das gesamte Spektrum von der konservativen Therapie bis hin zur hochspezialisierten Wirbels\u00e4ulenchirurgie. Diese Kombination erm\u00f6glicht es mir, auch komplexeste Krankheitsbilder wie Bandscheibenvorf\u00e4lle oder Wirbels\u00e4ulendeformit\u00e4ten umfassend zu diagnostizieren und zu behandeln.<\/em><\/p>\n<p><em>Derzeit leite ich das Wirbels\u00e4ulenzentrum an der Klinik Oberwart und bin zugleich stellvertretender Abteilungsleiter der Abteilung f\u00fcr minimalinvasive Neurochirurgie. Zuvor war ich \u00a0Leitender Oberarzt der Klinik f\u00fcr Neurochirurgie am Klinikum Bamberg , wo ich das Wirbels\u00e4ulenzentrum der Maximalversorgung aufgebaut und geleitet habe.<\/em><\/p>\n<p><em>Meine Ausbildung und T\u00e4tigkeit f\u00fchrten mich au\u00dferdem an das renommierte Wirbels\u00e4ulenzentrum der Hessing Klinik Augsburg, eines der gr\u00f6\u00dften orthop\u00e4dischen Fachzentren Europas, sowie an die Universit\u00e4tskliniken in Wien, Jena und Eisenberg, wo ich meine Facharztausbildungen absolvierte.<\/em><\/p>\n<p><em>Ein besonderes Qualit\u00e4tsmerkmal meiner Arbeit sind das DWG-Masterzertifikat sowie das konservative DWG-Basiszertifikat der Deutschen Wirbels\u00e4ulengesellschaft (DWG). Diese Zertifikate stellen die h\u00f6chsten Qualifikationsstufen in der Wirbels\u00e4ulenmedizin im deutschsprachigen Raum dar .<\/em><\/p>\n<p><em>Neben der Wirbels\u00e4ulenmedizin schl\u00e4gt mein Herz auch f\u00fcr die Notfallmedizin: Als \u00c4rztlicher Leiter der Martin Flugrettung (Heli Austria) bin ich seit vielen Jahren in der Luft- und Notfallrettung t\u00e4tig. Weitere Zusatzqualifikationen in Sportmedizin sowie Alpin- und H\u00f6henmedizin erweitern mein Spektrum \u2013 gerade auch im Hinblick auf aktive Patientinnen und Patienten, die m\u00f6glichst rasch wieder zur\u00fcck in Sport und Beruf finden m\u00f6chten.<\/em><\/p>\n<p><em>Dar\u00fcber hinaus engagiere ich mich seit vielen Jahren in Forschung, Lehre und Weiterbildung: Als Universit\u00e4tslektor, durch wissenschaftliche Publikationen sowie mit internationalen Vortr\u00e4gen. Dieser enge Austausch mit Kolleginnen und Kollegen weltweit sorgt daf\u00fcr, dass ich meine Patientinnen und Patienten stets nach dem aktuellsten Stand der Medizin behandeln kann.<\/em><\/p>\n<p><em><strong>Mein Anspruch<\/strong><\/em><br \/>\n<em>Medizin ist f\u00fcr mich mehr als reine Fachkompetenz. Es geht darum, zuzuh\u00f6ren, zu erkl\u00e4ren und gemeinsam L\u00f6sungen zu finden. Sie als Patientin oder Patient sollen jederzeit verstehen, welche Optionen bestehen und welche Behandlung f\u00fcr Ihre pers\u00f6nliche Situation am besten geeignet ist. Vertrauen und Transparenz sind dabei die Basis jeder erfolgreichen Therapie.<\/em><\/div><div class=\"cq-tabitem\" style=\"color:;\"><span style=\"color: #000000;\"><em>Neben meinem Facharzt f\u00fcr Unfallchirurgie, habe ich sowohl den Facharzt f\u00fcr Orthop\u00e4die und Orthop\u00e4dische Chirurgie wie auch den Facharzt f\u00fcr Neurochirurgie. Dadurch bin f\u00fcr den Bereich Wirbels\u00e4ule bestm\u00f6glich interdisziplin\u00e4r ausgebildet und kann auch komplexeste Wirbels\u00e4ulenerkrankungen vollumf\u00e4nglich diagnostizieren und behandeln.<\/em><\/span><\/p>\n<p>&nbsp;<\/p>\n<p><span style=\"color: #000000;\"><em><strong>Vita<\/strong><\/em><\/span><\/p>\n<ul>\n<li><span style=\"color: #000000;\"><em>Leitender Oberarzt und Leiter Wirbels\u00e4ulenzentrum der Klinik f\u00fcr minimalinvasive Neurochirurgie, Klinik Oberwart<\/em><\/span><\/li>\n<li><span style=\"color: #000000;\"><em>Leitender Oberarzt Klinik f\u00fcr Neurochirurgie, Klinikum Bamberg (Bayern, Deutschland)<\/em><\/span><\/li>\n<li><span style=\"color: #000000;\"><em>Langj\u00e4hrige T\u00e4tigkeit als Oberarzt im Wirbels\u00e4ulenzentrum an einer der gr\u00f6\u00dften orthop\u00e4dischen Fachkliniken Europas, der Hessing Klinik in Augsburg (Bayern, Deutschland)<\/em><\/span><\/li>\n<li><span style=\"color: #000000;\"><em>Neurochirurgische Facharztausbildung im Klinikum Bamberg<\/em><\/span><\/li>\n<li><span style=\"color: #000000;\"><em>Orthop\u00e4dische Facharztausbildung an der gr\u00f6\u00dften universit\u00e4ren Orthop\u00e4die Europas \u2013 der Uniklinik Jena (Th\u00fcringen, Deutschland)<\/em><\/span><\/li>\n<li><span style=\"color: #000000;\"><em>Unfallchirurgische Facharztausbildung an der Abteilung f\u00fcr Unfallchirurgie und Sporttraumatologie im Wiener Hanuschkrankenhaus der WGKK<\/em><\/span><\/li>\n<li><span style=\"color: #000000;\"><em>Spezialisierung in Notfallmedizin und langj\u00e4hrige Erfahrung in der Zentralen Notaufnahme der Uniklinik Jena<\/em><\/span><\/li>\n<li><span style=\"color: #000000;\"><em>Ausbildung in Sportmedizin und T\u00e4tigkeit als Sportmediziner f\u00fcr diverse Vereine (Eishockey, Schwimmen, Fu\u00dfball, American Football)<\/em><\/span><\/li>\n<li><span style=\"color: #000000;\"><em>Ausbildung zum Alpin- und H\u00f6henmediziner und langj\u00e4hrige T\u00e4tigkeit als Flugrettungsarzt<\/em><\/span><\/li>\n<li><span style=\"color: #000000;\"><em>Not\u00e4rztliche T\u00e4tigkeit am Notarztwagen und Notarzthubschrauber, sowie als Journalarzt und Leitender Notarzt<\/em><\/span><\/li>\n<li><span style=\"color: #000000;\"><em>Promotion zum Dr. med. univ. an der Medizinischen Universit\u00e4t Wien<\/em><\/span><\/li>\n<li><span style=\"color: #000000;\"><em>Verleihung des akademischen Grades \u201cMaster of Business Administration (MBA)\u201d in Health Care Management von der Medizinischen Universit\u00e4t Wien<\/em><\/span><\/li>\n<li><span style=\"color: #000000;\"><em>Verleihung des akademischen Grades \u201cMaster of Laws (LL.M.)\u201c in Medizinrecht von der Johannes Kepler Universit\u00e4t Linz<\/em><\/span><\/li>\n<li><span style=\"color: #000000;\"><em>Fellow of the American College of Surgeons<\/em><\/span><\/li>\n<li><span style=\"color: #000000;\"><em>Diverse Vortragst\u00e4tigkeiten national und international \u2013 unter anderem als Medizinische Leitung von PHTLS Austria (www.phtls.at)<\/em><\/span><\/li>\n<li><span style=\"color: #000000;\"><em>Langj\u00e4hrige T\u00e4tigkeit als Universit\u00e4tslektor der Medizinischen Universit\u00e4t Wien<\/em><\/span><\/li>\n<li><span style=\"color: #000000;\"><em>Mitglied internationaler und nationaler Fachgesellschaften<\/em><\/span><\/li>\n<li><span style=\"color: #000000;\"><em>Gerichtlich beeideter und zertifizierter Sachverst\u00e4ndiger (Gesundheit \u2013 Sanit\u00e4tsdienste)<\/em><\/span><\/li>\n<\/ul>\n<p><\/div><\/div><\/div>[vc_row_inner][vc_column_inner]<div id=\"dfd-image-layers-69ecba06e61be-1432\" class=\"dfd-image-layers-wrap  layers-center\"><div class=\"dfd-layer-container expandIn\"><div class=\"dfd-layer-centered\" style=\"-webkit-transform: translate(0%, 0%); -moz-transform: translate(0%, 0%); -o-transform: translate(0%, 0%); transform: translate(0%, 0%); \"><div class=\"dfd-layer-item dfd-img-lazy-load\"><img loading=\"lazy\" decoding=\"async\" src=\"data:image\/svg+xml;charset=utf-8,%3Csvg xmlns%3D'http%3A%2F%2Fwww.w3.org%2F2000%2Fsvg' viewBox%3D'0 0 477 576'%2F%3E\" data-src=\"https:\/\/drstaribacher.at\/public_html\/mobile\/wp-content\/uploads\/2025\/09\/hintergrund477x576.png\" alt=\"Layer\"  width=\"477\" height=\"576\" \/><\/div><\/div><\/div><div class=\"dfd-layer-container expandIn\"><div class=\"dfd-layer-centered\" style=\"-webkit-transform: translate(0%, 0%); -moz-transform: translate(0%, 0%); -o-transform: translate(0%, 0%); transform: translate(0%, 0%); \"><div class=\"dfd-layer-item dfd-img-lazy-load\"><img loading=\"lazy\" decoding=\"async\" src=\"data:image\/svg+xml;charset=utf-8,%3Csvg xmlns%3D'http%3A%2F%2Fwww.w3.org%2F2000%2Fsvg' viewBox%3D'0 0 477 576'%2F%3E\" data-src=\"https:\/\/drstaribacher.at\/public_html\/mobile\/wp-content\/uploads\/2025\/09\/Wirbelaeule_NeuroChirurgie_dr_DanielStaribacher.png\" alt=\"Layer\"  width=\"477\" height=\"576\" \/><\/div><\/div><\/div><script type=\"text\/javascript\">(function($) {$(\"head\").append(\"<style>#dfd-image-layers-69ecba06e61be-1432 .dfd-layer-container .dfd-layer-item {-webkit-transition-duration: 0.4s; -moz-transition-duration: 0.4s; -o-transition-duration: 0.4s; transition-duration: 0.4s;}#dfd-image-layers-69ecba06e61be-1432 .dfd-layer-container:nth-child(1) .dfd-layer-item {-webkit-transition-delay: 0s; -moz-transition-delay: 0s; -o-transition-delay: 0s; transition-delay: 0s;}#dfd-image-layers-69ecba06e61be-1432 .dfd-layer-container:nth-child(2) .dfd-layer-item {-webkit-transition-delay: 0.7s; -moz-transition-delay: 0.7s; -o-transition-delay: 0.7s; transition-delay: 0.7s;}<\/style>\");})(jQuery);<\/script><\/div><div class=\"dfd-spacer-module\"  data-units=\"px\" data-wide_resolution=\"1280\" data-wide_size=\"15\" data-normal_resolution=\"1024\" data-normal_size=\"15\" data-tablet_resolution=\"800\" data-tablet_size=\"15\" data-mobile_resolution=\"480\" data-mobile_size=\"15\" style=\"height: 15px;\"><\/div><div class=\"dfd-heading-shortcode\"><div class=\"dfd-heading-module-wrap  text-left style_01 dfd-heading-69ecba06e6b9f dfd-disable-resposive-headings\" id=\"dfd-heading-69ecba06e6b9f\" ><div class=\"inline-block\"><div class=\"dfd-heading-module\"><h6 class=\"widget-title dfd-title \" style=\"font-style:italic; \"><\/p>\n<p class=\"elementor-heading-title elementor-size-default\">Ihr Vorteil als Patient*in<\/p>\n<p><\/h6><div class=\"widget-sub-title dfd-sub-title subtitle\" style=\"font-style:italic; \">Mein Ziel ist es, Ihre Schmerzen nachhaltig zu lindern und Ihnen Ihre Beweglichkeit zur\u00fcckzugeben \u2013 mit h\u00f6chster medizinischer Kompetenz, modernsten Verfahren. Im Wirbels\u00e4ulen-Zentrum Wien biete ich Ihnen das gesamte Spektrum der Wirbels\u00e4ulenmedizin: von der konservativen Schmerztherapie bis zur minimal-invasiven Wirbels\u00e4ulenchirurgie. Zu meinem Behandlungsspektrum geh\u00f6ren unter anderem Bandscheibenvorf\u00e4lle, Spinalkanalstenosen, Skoliosen, Wirbels\u00e4ulendeformit\u00e4ten und chronische R\u00fcckenschmerzen.<\/div><\/div><\/div><\/div><script type=\"text\/javascript\">\n\t\t\t\t\t\t\t\t\t(function($) {\n\t\t\t\t\t\t\t\t\t\t$(\"head\").append(\"<style>.dfd-heading-69ecba06e6b9f .dfd-heading-module .widget-title {margin-bottom:20px;}.dfd-heading-69ecba06e6b9f .dfd-heading-module .widget-sub-title {margin-bottom:20px;}.dfd-heading-69ecba06e6b9f.dfd-heading-module-wrap .dfd-heading-module .dfd-heading-delimiter {margin-top:10px;margin-bottom:10px;}<\/style>\");\n\t\t\t\t\t\t\t\t\t})(jQuery);\n\t\t\t\t\t\t\t\t<\/script><\/div><div class=\"dfd-spacer-module\"  data-units=\"px\" data-wide_resolution=\"1280\" data-wide_size=\"15\" data-normal_resolution=\"1024\" data-normal_size=\"15\" data-tablet_resolution=\"800\" data-tablet_size=\"15\" data-mobile_resolution=\"480\" data-mobile_size=\"15\" style=\"height: 15px;\"><\/div><div id=\"dfd-button-69ecba06e6ebb\" class=\"dfd-button-module-wrap dfd-button-69ecba06e6ebb\"><div class=\"dfd-button-module  style_1 text-center dfd-horizontal dfd-top-to-bottom dfd-button-icon-left dfd-button-icon-hover-simple\" ><a href=\"https:\/\/patient.latido.at\/booking\/select;profileid=6889194dd64042efe56126d9;coredataid=68b5b0662a59ebf10f267463\" title=\"Online Terminvereinbarung\" target=\"_blank\" class=\"dfd-button-link\"><span class=\"dfd-button-inner-cover\"><span class=\"dfd-button-text-main\"><i class=\"dfd-icon-calendar_date2\"><\/i>Online Termin<\/span><\/span><span class=\"dfd-button-border-decoration\"><\/span><\/a><\/div><script type=\"text\/javascript\">\n\t\t\t\t\t\t\t\t\t(function($) {$(\"head\").append(\"<style>#dfd-button-69ecba06e6ebb.dfd-button-module-wrap .dfd-button-module .dfd-button-link .dfd-button-inner-cover,.dfd-button-69ecba06e6ebb.dfd-button-module-wrap .dfd-button-module .dfd-button-link .dfd-button-border-decoration,.dfd-button-69ecba06e6ebb.dfd-button-module-wrap .dfd-button-module .dfd-button-link .dfd-button-inner-cover {border-radius:25px;}#dfd-button-69ecba06e6ebb.dfd-button-module-wrap .dfd-button-module:not(.style_4) .dfd-button-link .dfd-button-inner-cover:before,#dfd-button-69ecba06e6ebb.dfd-button-module-wrap .dfd-button-module.style_4 .dfd-button-link .dfd-button-inner-cover:after,#dfd-button-69ecba06e6ebb.dfd-button-module-wrap .dfd-button-module.style_6 .dfd-button-link .dfd-button-inner-cover .dfd-button-text-main,.dfd-button-69ecba06e6ebb.dfd-button-module-wrap .dfd-button-module:not(.style_4) .dfd-button-link .dfd-button-inner-cover:before,.dfd-button-69ecba06e6ebb.dfd-button-module-wrap .dfd-button-module.style_4 .dfd-button-link .dfd-button-inner-cover:after,.dfd-button-69ecba06e6ebb.dfd-button-module-wrap .dfd-button-module.style_6 .dfd-button-link .dfd-button-inner-cover .dfd-button-text-main {background: #c39f76;border-style:solid;border-width:1px;border-radius:25px;border-color:#f4f4f4;}#dfd-button-69ecba06e6ebb.dfd-button-module-wrap .dfd-button-module:not(.style_6) .dfd-button-link:hover .dfd-button-inner-cover .dfd-button-text-main,#dfd-button-69ecba06e6ebb.dfd-button-module-wrap .dfd-button-module .dfd-button-link .dfd-button-inner-cover .dfd-button-text-hover,.dfd-button-69ecba06e6ebb.dfd-button-module-wrap .dfd-button-module:not(.style_6) .dfd-button-link:hover .dfd-button-inner-cover .dfd-button-text-main,.dfd-button-69ecba06e6ebb.dfd-button-module-wrap .dfd-button-module .dfd-button-link .dfd-button-inner-cover .dfd-button-text-hover {color: #000000;}#dfd-button-69ecba06e6ebb.dfd-button-module-wrap .dfd-button-module .dfd-button-link:hover .dfd-button-inner-cover,.dfd-button-69ecba06e6ebb.dfd-button-module-wrap .dfd-button-module .dfd-button-link:hover .dfd-button-border-decoration,.dfd-button-69ecba06e6ebb.dfd-button-module-wrap .dfd-button-module .dfd-button-link:hover .dfd-button-inner-cover {border-radius:25px;}#dfd-button-69ecba06e6ebb.dfd-button-module-wrap .dfd-button-module:not(.style_4) .dfd-button-link .dfd-button-inner-cover:after,#dfd-button-69ecba06e6ebb.dfd-button-module-wrap .dfd-button-module.style_4 .dfd-button-link .dfd-button-inner-cover:before,#dfd-button-69ecba06e6ebb.dfd-button-module-wrap .dfd-button-module .dfd-button-link .dfd-button-inner-cover .dfd-button-text-hover .dfd-button-69ecba06e6ebb.dfd-button-module-wrap .dfd-button-module:not(.style_4) .dfd-button-link .dfd-button-inner-cover:after,.dfd-button-69ecba06e6ebb.dfd-button-module-wrap .dfd-button-module.style_4 .dfd-button-link .dfd-button-inner-cover:before,.dfd-button-69ecba06e6ebb.dfd-button-module-wrap .dfd-button-module .dfd-button-link .dfd-button-inner-cover .dfd-button-text-hover {background: #c39f76;border-style:solid;border-width:1px;border-radius:25px;border-color:#c39f76;}#dfd-button-69ecba06e6ebb.dfd-button-module-wrap .dfd-button-module.style_3 .dfd-button-link:hover .dfd-button-inner-cover:before,#dfd-button-69ecba06e6ebb.dfd-button-module-wrap .dfd-button-module.style_4 .dfd-button-link:hover .dfd-button-inner-cover:before,.dfd-button-69ecba06e6ebb.dfd-button-module-wrap .dfd-button-module.style_3 .dfd-button-link:hover .dfd-button-inner-cover:before,.dfd-button-69ecba06e6ebb.dfd-button-module-wrap .dfd-button-module.style_4 .dfd-button-link:hover .dfd-button-inner-cover:before {border-style:solid;border-width:1px;border-radius:25px;border-color:#c39f76;}#dfd-button-69ecba06e6ebb.dfd-button-module-wrap .dfd-button-module .dfd-button-link:hover .dfd-button-inner-cover,.dfd-button-69ecba06e6ebb.dfd-button-module-wrap .dfd-button-module .dfd-button-link:hover .dfd-button-inner-cover {-webkit-box-shadow: 0px 15px 50px 0px rgba(0,0,0,.35);-moz-box-shadow: 0px 15px 50px 0px rgba(0,0,0,.35);-o-box-shadow: 0px 15px 50px 0px rgba(0,0,0,.35);box-shadow: 0px 15px 50px 0px rgba(0,0,0,.35);}.dfd-button-69ecba06e6ebb.dfd-button-module-wrap .dfd-button-module .dfd-button-link .dfd-button-border-decoration {border-width: 10px;}.dfd-button-69ecba06e6ebb.dfd-button-module-wrap .dfd-button-module .dfd-button-link .dfd-button-border-decoration {border-color: #f4f4f4;}.dfd-button-69ecba06e6ebb.dfd-button-module-wrap .dfd-button-module .dfd-button-link:hover .dfd-button-border-decoration {border-color: #f4f4f4;}.dfd-button-69ecba06e6ebb.dfd-button-module-wrap .dfd-button-module .dfd-button-link .dfd-button-border-decoration {-webkit-transform: translate(0px, 0px);-moz-transform: translate(0px, 0px);-o-transform: translate(0px, 0px);transform: translate(0px, 0px);}.dfd-button-69ecba06e6ebb.dfd-button-module-wrap .dfd-button-module .dfd-button-link:hover .dfd-button-border-decoration {-webkit-transform: translate(0px, 0px);-moz-transform: translate(0px, 0px);-o-transform: translate(0px, 0px);transform: translate(0px, 0px);}<\/style>\")\n\t\t\t\t\t\t\t\t\t})(jQuery);\n\t\t\t\t\t\t\t\t<\/script><\/div><div class=\"dfd-spacer-module\"  data-units=\"px\" data-wide_resolution=\"1280\" data-wide_size=\"25\" data-normal_resolution=\"1024\" data-normal_size=\"25\" data-tablet_resolution=\"800\" data-tablet_size=\"25\" data-mobile_resolution=\"480\" data-mobile_size=\"15\" style=\"height: 25px;\"><\/div><div class=\"dfd-spacer-module\"  data-units=\"px\" data-wide_resolution=\"1280\" data-wide_size=\"7\" data-normal_resolution=\"1024\" data-normal_size=\"7\" data-tablet_resolution=\"800\" data-tablet_size=\"7\" data-mobile_resolution=\"480\" data-mobile_size=\"7\" style=\"height: 7px;\"><\/div>[\/vc_column_inner][\/vc_row_inner]<\/div>[\/vc_column][\/vc_row][vc_row][vc_column]<div class=\"dfd-spacer-module\"  data-units=\"px\" data-wide_resolution=\"1280\" data-wide_size=\"50\" data-normal_resolution=\"1024\" data-normal_size=\"50\" data-tablet_resolution=\"800\" data-tablet_size=\"20\" data-mobile_resolution=\"480\" data-mobile_size=\"20\" style=\"height: 50px;\"><\/div>[\/vc_column][\/vc_row]<\/p>\n","protected":false},"excerpt":{"rendered":"<p>[vc_row][vc_column][\/vc_column][\/vc_row][vc_row][vc_column][\/vc_column][\/vc_row]<\/p>\n","protected":false},"author":1,"featured_media":0,"parent":0,"menu_order":0,"comment_status":"closed","ping_status":"closed","template":"page-custom-with-header.php","meta":{"inline_featured_image":false,"footnotes":""},"class_list":["post-908","page","type-page","status-publish","hentry"],"_links":{"self":[{"href":"https:\/\/drstaribacher.at\/public_html\/mobile\/wp-json\/wp\/v2\/pages\/908","targetHints":{"allow":["GET"]}}],"collection":[{"href":"https:\/\/drstaribacher.at\/public_html\/mobile\/wp-json\/wp\/v2\/pages"}],"about":[{"href":"https:\/\/drstaribacher.at\/public_html\/mobile\/wp-json\/wp\/v2\/types\/page"}],"author":[{"embeddable":true,"href":"https:\/\/drstaribacher.at\/public_html\/mobile\/wp-json\/wp\/v2\/users\/1"}],"replies":[{"embeddable":true,"href":"https:\/\/drstaribacher.at\/public_html\/mobile\/wp-json\/wp\/v2\/comments?post=908"}],"version-history":[{"count":23,"href":"https:\/\/drstaribacher.at\/public_html\/mobile\/wp-json\/wp\/v2\/pages\/908\/revisions"}],"predecessor-version":[{"id":1097,"href":"https:\/\/drstaribacher.at\/public_html\/mobile\/wp-json\/wp\/v2\/pages\/908\/revisions\/1097"}],"wp:attachment":[{"href":"https:\/\/drstaribacher.at\/public_html\/mobile\/wp-json\/wp\/v2\/media?parent=908"}],"curies":[{"name":"wp","href":"https:\/\/api.w.org\/{rel}","templated":true}]}}