{"id":950,"date":"2025-09-11T21:43:03","date_gmt":"2025-09-11T21:43:03","guid":{"rendered":"https:\/\/drstaribacher.at\/public_html\/mobile\/?page_id=950"},"modified":"2025-09-14T14:50:36","modified_gmt":"2025-09-14T14:50:36","slug":"zweite-meinung","status":"publish","type":"page","link":"https:\/\/drstaribacher.at\/public_html\/mobile\/zweite-meinung\/","title":{"rendered":"Zweite Meinung"},"content":{"rendered":"<p>[vc_section][vc_row css=&#8220;.vc_custom_1757352478458{background-color: #f4f4f4 !important;}&#8220;][vc_column]<div class=\"bb-responsive-pro\"><div class=\"dfd-spacer-module\"  data-units=\"px\" data-wide_resolution=\"1280\" data-wide_size=\"50\" data-normal_resolution=\"1024\" data-normal_size=\"50\" data-tablet_resolution=\"800\" data-tablet_size=\"20\" data-mobile_resolution=\"480\" data-mobile_size=\"20\" style=\"height: 50px;\"><\/div>[vc_row_inner css=&#8220;.vc_custom_1757627343962{background-color: #ffffff !important;}&#8220;][vc_column_inner col_inner_shadow=&#8220;box_shadow_enable:disable|shadow_horizontal:0|shadow_vertical:15|shadow_blur:50|shadow_spread:0|box_shadow_color:rgba(0%2C0%2C0%2C.35)&#8220; col_inner_shadow_hover=&#8220;box_shadow_enable:disable|shadow_horizontal:0|shadow_vertical:15|shadow_blur:50|shadow_spread:0|box_shadow_color:rgba(0%2C0%2C0%2C.35)&#8220;]<div class=\"dfd-spacer-module\"  data-units=\"px\" data-wide_resolution=\"1280\" data-wide_size=\"50\" data-normal_resolution=\"1024\" data-normal_size=\"50\" data-tablet_resolution=\"800\" data-tablet_size=\"20\" data-mobile_resolution=\"480\" data-mobile_size=\"20\" style=\"height: 50px;\"><\/div><div class=\"dfd-heading-shortcode\"><div class=\"dfd-heading-module-wrap  text-center style_01 dfd-heading-69eca10708eae dfd-disable-resposive-headings\" id=\"dfd-heading-69eca10708eae\" ><div class=\"inline-block\"><div class=\"dfd-heading-module\"><h5 class=\"widget-title dfd-title \" style=\"font-size: 22px; letter-spacing: 0px; \"><\/p>\n<p class=\"widget-title dfd-title \">Kompetente Beratung f\u00fcr Ihre Sicherheit<\/p>\n<p><\/h5><div class=\"dfd-heading-delimiter dfd-img-lazy-load\"><\/div><\/div><\/div><\/div><script type=\"text\/javascript\">\n\t\t\t\t\t\t\t\t\t(function($) {\n\t\t\t\t\t\t\t\t\t\t$(\"head\").append(\"<style>.dfd-heading-69eca10708eae.dfd-heading-module-wrap .dfd-heading-module .dfd-heading-delimiter {border-bottom-style:solid;border-bottom-width:1px;width:100px;border-bottom-color:#dddddd;}.dfd-heading-69eca10708eae.dfd-heading-module-wrap .dfd-heading-module .dfd-heading-delimiter {margin-top:10px;margin-bottom:10px;}<\/style>\");\n\t\t\t\t\t\t\t\t\t})(jQuery);\n\t\t\t\t\t\t\t\t<\/script><\/div><div class=\"dfd-heading-shortcode\"><div class=\"dfd-heading-module-wrap  text-left style_01 dfd-heading-69eca10709145 dfd-disable-resposive-headings\" id=\"dfd-heading-69eca10709145\" ><div class=\"inline-block\"><div class=\"dfd-heading-module\"><div class=\"widget-title dfd-title block-title\" style=\"font-style:italic; \">Neben der Diagnostik und der Behandlung z\u00e4hlt eine umfassende Beratung zu den zentralen Leistungen in meiner Praxis. Viele Patienten m\u00f6chten sich vor Therapiebeginn eine zweite Meinung einholen, um fundierte Entscheidungen treffen zu k\u00f6nnen.<\/div><\/div><\/div><\/div><script type=\"text\/javascript\">\n\t\t\t\t\t\t\t\t\t(function($) {\n\t\t\t\t\t\t\t\t\t\t$(\"head\").append(\"<style>.dfd-heading-69eca10709145.dfd-heading-module-wrap .dfd-heading-module .dfd-heading-delimiter {margin-top:10px;margin-bottom:10px;}<\/style>\");\n\t\t\t\t\t\t\t\t\t})(jQuery);\n\t\t\t\t\t\t\t\t<\/script><\/div><div class=\"dfd-heading-shortcode\"><div class=\"dfd-heading-module-wrap  text-left style_01 dfd-heading-69eca107092d5 dfd-disable-resposive-headings\" id=\"dfd-heading-69eca107092d5\" ><div class=\"inline-block\"><div class=\"dfd-heading-module\"><div class=\"widget-title dfd-title block-title\" style=\"font-style:italic; \">Im Rahmen eines pers\u00f6nlichen Gespr\u00e4chs werte ich bestehende Befunde erneut aus und empfehle bei Bedarf erg\u00e4nzende Untersuchungen oder Behandlungsm\u00f6glichkeiten. Sie erhalten eine ausf\u00fchrliche und pr\u00e4zise Beratung ohne Zeitdruck. Gerne k\u00f6nnen Sie auch mit Vertrauenspersonen den Arztbesuch wahrnehmen.<\/div><\/div><\/div><\/div><script type=\"text\/javascript\">\n\t\t\t\t\t\t\t\t\t(function($) {\n\t\t\t\t\t\t\t\t\t\t$(\"head\").append(\"<style>.dfd-heading-69eca107092d5.dfd-heading-module-wrap .dfd-heading-module .dfd-heading-delimiter {margin-top:10px;margin-bottom:10px;}<\/style>\");\n\t\t\t\t\t\t\t\t\t})(jQuery);\n\t\t\t\t\t\t\t\t<\/script><\/div><div class=\"dfd-spacer-module\"  data-units=\"px\" data-wide_resolution=\"1280\" data-wide_size=\"50\" data-normal_resolution=\"1024\" data-normal_size=\"50\" data-tablet_resolution=\"800\" data-tablet_size=\"20\" data-mobile_resolution=\"480\" data-mobile_size=\"20\" style=\"height: 50px;\"><\/div><div id=\"dfd-button-69eca10709584\" class=\"dfd-button-module-wrap dfd-button-69eca10709584\"><div class=\"dfd-button-module  style_1 text-center dfd-horizontal dfd-top-to-bottom dfd-button-icon-left dfd-button-icon-hover-simple\" ><a href=\"https:\/\/patient.latido.at\/booking\/select;profileid=6889194dd64042efe56126d9;coredataid=68b5b0662a59ebf10f267463\" title=\"Online Terminvereinbarung\" target=\"_blank\" class=\"dfd-button-link\"><span class=\"dfd-button-inner-cover\"><span class=\"dfd-button-text-main\"><i class=\"dfd-icon-calendar_date2\"><\/i>Online Termin<\/span><\/span><span class=\"dfd-button-border-decoration\"><\/span><\/a><\/div><script type=\"text\/javascript\">\n\t\t\t\t\t\t\t\t\t(function($) {$(\"head\").append(\"<style>#dfd-button-69eca10709584.dfd-button-module-wrap .dfd-button-module .dfd-button-link .dfd-button-inner-cover,.dfd-button-69eca10709584.dfd-button-module-wrap .dfd-button-module .dfd-button-link .dfd-button-border-decoration,.dfd-button-69eca10709584.dfd-button-module-wrap .dfd-button-module .dfd-button-link .dfd-button-inner-cover {border-radius:25px;}#dfd-button-69eca10709584.dfd-button-module-wrap .dfd-button-module:not(.style_4) .dfd-button-link .dfd-button-inner-cover:before,#dfd-button-69eca10709584.dfd-button-module-wrap .dfd-button-module.style_4 .dfd-button-link .dfd-button-inner-cover:after,#dfd-button-69eca10709584.dfd-button-module-wrap .dfd-button-module.style_6 .dfd-button-link .dfd-button-inner-cover .dfd-button-text-main,.dfd-button-69eca10709584.dfd-button-module-wrap .dfd-button-module:not(.style_4) .dfd-button-link .dfd-button-inner-cover:before,.dfd-button-69eca10709584.dfd-button-module-wrap .dfd-button-module.style_4 .dfd-button-link .dfd-button-inner-cover:after,.dfd-button-69eca10709584.dfd-button-module-wrap .dfd-button-module.style_6 .dfd-button-link .dfd-button-inner-cover .dfd-button-text-main {background: #c39f76;border-style:solid;border-width:1px;border-radius:25px;border-color:#f4f4f4;}#dfd-button-69eca10709584.dfd-button-module-wrap .dfd-button-module:not(.style_6) .dfd-button-link:hover .dfd-button-inner-cover .dfd-button-text-main,#dfd-button-69eca10709584.dfd-button-module-wrap .dfd-button-module .dfd-button-link .dfd-button-inner-cover .dfd-button-text-hover,.dfd-button-69eca10709584.dfd-button-module-wrap .dfd-button-module:not(.style_6) .dfd-button-link:hover .dfd-button-inner-cover .dfd-button-text-main,.dfd-button-69eca10709584.dfd-button-module-wrap .dfd-button-module .dfd-button-link .dfd-button-inner-cover .dfd-button-text-hover {color: #000000;}#dfd-button-69eca10709584.dfd-button-module-wrap .dfd-button-module .dfd-button-link:hover .dfd-button-inner-cover,.dfd-button-69eca10709584.dfd-button-module-wrap .dfd-button-module .dfd-button-link:hover .dfd-button-border-decoration,.dfd-button-69eca10709584.dfd-button-module-wrap .dfd-button-module .dfd-button-link:hover .dfd-button-inner-cover {border-radius:25px;}#dfd-button-69eca10709584.dfd-button-module-wrap .dfd-button-module:not(.style_4) .dfd-button-link .dfd-button-inner-cover:after,#dfd-button-69eca10709584.dfd-button-module-wrap .dfd-button-module.style_4 .dfd-button-link .dfd-button-inner-cover:before,#dfd-button-69eca10709584.dfd-button-module-wrap .dfd-button-module .dfd-button-link .dfd-button-inner-cover .dfd-button-text-hover .dfd-button-69eca10709584.dfd-button-module-wrap .dfd-button-module:not(.style_4) .dfd-button-link .dfd-button-inner-cover:after,.dfd-button-69eca10709584.dfd-button-module-wrap .dfd-button-module.style_4 .dfd-button-link .dfd-button-inner-cover:before,.dfd-button-69eca10709584.dfd-button-module-wrap .dfd-button-module .dfd-button-link .dfd-button-inner-cover .dfd-button-text-hover {background: #c39f76;border-style:solid;border-width:1px;border-radius:25px;border-color:#c39f76;}#dfd-button-69eca10709584.dfd-button-module-wrap .dfd-button-module.style_3 .dfd-button-link:hover .dfd-button-inner-cover:before,#dfd-button-69eca10709584.dfd-button-module-wrap .dfd-button-module.style_4 .dfd-button-link:hover .dfd-button-inner-cover:before,.dfd-button-69eca10709584.dfd-button-module-wrap .dfd-button-module.style_3 .dfd-button-link:hover .dfd-button-inner-cover:before,.dfd-button-69eca10709584.dfd-button-module-wrap .dfd-button-module.style_4 .dfd-button-link:hover .dfd-button-inner-cover:before {border-style:solid;border-width:1px;border-radius:25px;border-color:#c39f76;}#dfd-button-69eca10709584.dfd-button-module-wrap .dfd-button-module .dfd-button-link:hover .dfd-button-inner-cover,.dfd-button-69eca10709584.dfd-button-module-wrap .dfd-button-module .dfd-button-link:hover .dfd-button-inner-cover {-webkit-box-shadow: 0px 15px 50px 0px rgba(0,0,0,.35);-moz-box-shadow: 0px 15px 50px 0px rgba(0,0,0,.35);-o-box-shadow: 0px 15px 50px 0px rgba(0,0,0,.35);box-shadow: 0px 15px 50px 0px rgba(0,0,0,.35);}.dfd-button-69eca10709584.dfd-button-module-wrap .dfd-button-module .dfd-button-link .dfd-button-border-decoration {border-width: 10px;}.dfd-button-69eca10709584.dfd-button-module-wrap .dfd-button-module .dfd-button-link .dfd-button-border-decoration {border-color: #f4f4f4;}.dfd-button-69eca10709584.dfd-button-module-wrap .dfd-button-module .dfd-button-link:hover .dfd-button-border-decoration {border-color: #f4f4f4;}.dfd-button-69eca10709584.dfd-button-module-wrap .dfd-button-module .dfd-button-link .dfd-button-border-decoration {-webkit-transform: translate(0px, 0px);-moz-transform: translate(0px, 0px);-o-transform: translate(0px, 0px);transform: translate(0px, 0px);}.dfd-button-69eca10709584.dfd-button-module-wrap .dfd-button-module .dfd-button-link:hover .dfd-button-border-decoration {-webkit-transform: translate(0px, 0px);-moz-transform: translate(0px, 0px);-o-transform: translate(0px, 0px);transform: translate(0px, 0px);}<\/style>\")\n\t\t\t\t\t\t\t\t\t})(jQuery);\n\t\t\t\t\t\t\t\t<\/script><\/div>[\/vc_column_inner][\/vc_row_inner][vc_row_inner css=&#8220;.vc_custom_1757627356515{background-color: #f4f4f4 !important;}&#8220;][vc_column_inner col_inner_shadow=&#8220;box_shadow_enable:disable|shadow_horizontal:0|shadow_vertical:15|shadow_blur:50|shadow_spread:0|box_shadow_color:rgba(0%2C0%2C0%2C.35)&#8220; col_inner_shadow_hover=&#8220;box_shadow_enable:enable|shadow_horizontal:500|shadow_vertical:15|shadow_blur:50|shadow_spread:50|box_shadow_color:rgba(0%2C0%2C0%2C.35)&#8220; css=&#8220;.vc_custom_1757352363358{padding-right: 10% !important;}&#8220;]<div class=\"dfd-spacer-module\"  data-units=\"px\" data-wide_resolution=\"1280\" data-wide_size=\"50\" data-normal_resolution=\"1024\" data-normal_size=\"50\" data-tablet_resolution=\"800\" data-tablet_size=\"20\" data-mobile_resolution=\"480\" data-mobile_size=\"20\" style=\"height: 50px;\"><\/div><div class=\"dfd-heading-shortcode\"><div class=\"dfd-heading-module-wrap  text-center style_01 dfd-heading-69eca1070981f dfd-disable-resposive-headings\" id=\"dfd-heading-69eca1070981f\" ><div class=\"inline-block\"><div class=\"dfd-heading-module\"><h5 class=\"widget-title dfd-title \" style=\"font-size: 22px; letter-spacing: 0px; \"><\/p>\n<p class=\"widget-title dfd-title \">Dokumente f\u00fcr die Zweitmeinung<\/p>\n<p><\/h5><div class=\"dfd-heading-delimiter dfd-img-lazy-load\"><\/div><\/div><\/div><\/div><script type=\"text\/javascript\">\n\t\t\t\t\t\t\t\t\t(function($) {\n\t\t\t\t\t\t\t\t\t\t$(\"head\").append(\"<style>.dfd-heading-69eca1070981f.dfd-heading-module-wrap .dfd-heading-module .dfd-heading-delimiter {border-bottom-style:solid;border-bottom-width:1px;width:100px;border-bottom-color:#dddddd;}.dfd-heading-69eca1070981f.dfd-heading-module-wrap .dfd-heading-module .dfd-heading-delimiter {margin-top:10px;margin-bottom:10px;}<\/style>\");\n\t\t\t\t\t\t\t\t\t})(jQuery);\n\t\t\t\t\t\t\t\t<\/script><\/div><div class=\"dfd-heading-shortcode\"><div class=\"dfd-heading-module-wrap  text-left style_01 dfd-heading-69eca107099e3 dfd-disable-resposive-headings\" id=\"dfd-heading-69eca107099e3\" ><div class=\"inline-block\"><div class=\"dfd-heading-module\"><div class=\"widget-title dfd-title block-title\" style=\"font-style:italic; \">F\u00fcr ein umfassendes Beratungsgespr\u00e4ch bringen Sie bitte alle relevanten medizinischen Unterlagen mit. Arztbriefe, Labor befunde sowie Ergebnisse bildgebender Verfahren (R\u00f6ntgen- und MRT\/CT-Bilder idealerweise digital auf CD\/DVD oder QR-Code oder auf Folien). Sie k\u00f6nnen auch Ihre radiologischen Bilder vorab auf unserem Bildserver hochladen.<\/div><\/div><\/div><\/div><script type=\"text\/javascript\">\n\t\t\t\t\t\t\t\t\t(function($) {\n\t\t\t\t\t\t\t\t\t\t$(\"head\").append(\"<style>.dfd-heading-69eca107099e3.dfd-heading-module-wrap .dfd-heading-module .dfd-heading-delimiter {margin-top:10px;margin-bottom:10px;}<\/style>\");\n\t\t\t\t\t\t\t\t\t})(jQuery);\n\t\t\t\t\t\t\t\t<\/script><\/div><div id=\"dfd-button-69eca10709c13\" class=\"dfd-button-module-wrap dfd-button-69eca10709c13\"><div class=\"dfd-button-module  style_1 text-center dfd-horizontal dfd-top-to-bottom dfd-button-icon-left dfd-button-icon-hover-simple\" ><a href=\"https:\/\/app.medicai.io\/upload\/9502e9dd46d54f88b23014b8190a4b3f?ref=fb94485314094cc5bef30980818bff60\" title=\"Hier Klicken\" target=\"_blank\" class=\"dfd-button-link\"><span class=\"dfd-button-inner-cover\"><span class=\"dfd-button-text-main\"><i class=\"fas fa-compact-disc\"><\/i>Hier Klicken<\/span><\/span><span class=\"dfd-button-border-decoration\"><\/span><span class=\"dfd-button-tooltip dfd-button-tooltip-right\">Bilder hochladen.<\/span><\/a><\/div><script type=\"text\/javascript\">\n\t\t\t\t\t\t\t\t\t(function($) {$(\"head\").append(\"<style>#dfd-button-69eca10709c13.dfd-button-module-wrap .dfd-button-module .dfd-button-link .dfd-button-inner-cover,.dfd-button-69eca10709c13.dfd-button-module-wrap .dfd-button-module .dfd-button-link .dfd-button-border-decoration,.dfd-button-69eca10709c13.dfd-button-module-wrap .dfd-button-module .dfd-button-link .dfd-button-inner-cover {border-radius:25px;}#dfd-button-69eca10709c13.dfd-button-module-wrap .dfd-button-module:not(.style_4) .dfd-button-link .dfd-button-inner-cover:before,#dfd-button-69eca10709c13.dfd-button-module-wrap .dfd-button-module.style_4 .dfd-button-link .dfd-button-inner-cover:after,#dfd-button-69eca10709c13.dfd-button-module-wrap .dfd-button-module.style_6 .dfd-button-link .dfd-button-inner-cover .dfd-button-text-main,.dfd-button-69eca10709c13.dfd-button-module-wrap .dfd-button-module:not(.style_4) .dfd-button-link .dfd-button-inner-cover:before,.dfd-button-69eca10709c13.dfd-button-module-wrap .dfd-button-module.style_4 .dfd-button-link .dfd-button-inner-cover:after,.dfd-button-69eca10709c13.dfd-button-module-wrap .dfd-button-module.style_6 .dfd-button-link .dfd-button-inner-cover .dfd-button-text-main {background: #c39f76;border-style:solid;border-width:1px;border-radius:25px;border-color:#f4f4f4;}#dfd-button-69eca10709c13.dfd-button-module-wrap .dfd-button-module:not(.style_6) .dfd-button-link:hover .dfd-button-inner-cover .dfd-button-text-main,#dfd-button-69eca10709c13.dfd-button-module-wrap .dfd-button-module .dfd-button-link .dfd-button-inner-cover .dfd-button-text-hover,.dfd-button-69eca10709c13.dfd-button-module-wrap .dfd-button-module:not(.style_6) .dfd-button-link:hover .dfd-button-inner-cover .dfd-button-text-main,.dfd-button-69eca10709c13.dfd-button-module-wrap .dfd-button-module .dfd-button-link .dfd-button-inner-cover .dfd-button-text-hover {color: #000000;}#dfd-button-69eca10709c13.dfd-button-module-wrap .dfd-button-module .dfd-button-link:hover .dfd-button-inner-cover,.dfd-button-69eca10709c13.dfd-button-module-wrap .dfd-button-module .dfd-button-link:hover .dfd-button-border-decoration,.dfd-button-69eca10709c13.dfd-button-module-wrap .dfd-button-module .dfd-button-link:hover .dfd-button-inner-cover {border-radius:25px;}#dfd-button-69eca10709c13.dfd-button-module-wrap .dfd-button-module:not(.style_4) .dfd-button-link .dfd-button-inner-cover:after,#dfd-button-69eca10709c13.dfd-button-module-wrap .dfd-button-module.style_4 .dfd-button-link .dfd-button-inner-cover:before,#dfd-button-69eca10709c13.dfd-button-module-wrap .dfd-button-module .dfd-button-link .dfd-button-inner-cover .dfd-button-text-hover .dfd-button-69eca10709c13.dfd-button-module-wrap .dfd-button-module:not(.style_4) .dfd-button-link .dfd-button-inner-cover:after,.dfd-button-69eca10709c13.dfd-button-module-wrap .dfd-button-module.style_4 .dfd-button-link .dfd-button-inner-cover:before,.dfd-button-69eca10709c13.dfd-button-module-wrap .dfd-button-module .dfd-button-link .dfd-button-inner-cover .dfd-button-text-hover {background: #c39f76;border-style:solid;border-width:1px;border-radius:25px;border-color:#c39f76;}#dfd-button-69eca10709c13.dfd-button-module-wrap .dfd-button-module.style_3 .dfd-button-link:hover .dfd-button-inner-cover:before,#dfd-button-69eca10709c13.dfd-button-module-wrap .dfd-button-module.style_4 .dfd-button-link:hover .dfd-button-inner-cover:before,.dfd-button-69eca10709c13.dfd-button-module-wrap .dfd-button-module.style_3 .dfd-button-link:hover .dfd-button-inner-cover:before,.dfd-button-69eca10709c13.dfd-button-module-wrap .dfd-button-module.style_4 .dfd-button-link:hover .dfd-button-inner-cover:before {border-style:solid;border-width:1px;border-radius:25px;border-color:#c39f76;}#dfd-button-69eca10709c13.dfd-button-module-wrap .dfd-button-module .dfd-button-link:hover .dfd-button-inner-cover,.dfd-button-69eca10709c13.dfd-button-module-wrap .dfd-button-module .dfd-button-link:hover .dfd-button-inner-cover {-webkit-box-shadow: 0px 15px 50px 0px rgba(0,0,0,.35);-moz-box-shadow: 0px 15px 50px 0px rgba(0,0,0,.35);-o-box-shadow: 0px 15px 50px 0px rgba(0,0,0,.35);box-shadow: 0px 15px 50px 0px rgba(0,0,0,.35);}.dfd-button-69eca10709c13.dfd-button-module-wrap .dfd-button-module .dfd-button-link .dfd-button-border-decoration {border-width: 10px;}.dfd-button-69eca10709c13.dfd-button-module-wrap .dfd-button-module .dfd-button-link .dfd-button-border-decoration {border-color: #f4f4f4;}.dfd-button-69eca10709c13.dfd-button-module-wrap .dfd-button-module .dfd-button-link:hover .dfd-button-border-decoration {border-color: #f4f4f4;}.dfd-button-69eca10709c13.dfd-button-module-wrap .dfd-button-module .dfd-button-link .dfd-button-border-decoration {-webkit-transform: translate(0px, 0px);-moz-transform: translate(0px, 0px);-o-transform: translate(0px, 0px);transform: translate(0px, 0px);}.dfd-button-69eca10709c13.dfd-button-module-wrap .dfd-button-module .dfd-button-link:hover .dfd-button-border-decoration {-webkit-transform: translate(0px, 0px);-moz-transform: translate(0px, 0px);-o-transform: translate(0px, 0px);transform: translate(0px, 0px);}<\/style>\")\n\t\t\t\t\t\t\t\t\t})(jQuery);\n\t\t\t\t\t\t\t\t<\/script><\/div><div class=\"dfd-heading-shortcode\"><div class=\"dfd-heading-module-wrap  text-left style_01 dfd-heading-69eca10709e29 dfd-disable-resposive-headings\" id=\"dfd-heading-69eca10709e29\" ><div class=\"inline-block\"><div class=\"dfd-heading-module\"><div class=\"widget-title dfd-title block-title\" style=\"font-style:italic; \">Bei Voroperationen bringen Sie bitte den Operationsbericht mit. Die Unterlagen erhalten Sie von Ihrem behandelnden Arzt. Im Sinne der Patientenorientierung wird er Ihren Wunsch nach einer Zweitmeinung unterst\u00fctzen und Ihnen bei der Vorbereitung dieses Termins behilflich sein.<\/div><\/div><\/div><\/div><script type=\"text\/javascript\">\n\t\t\t\t\t\t\t\t\t(function($) {\n\t\t\t\t\t\t\t\t\t\t$(\"head\").append(\"<style>.dfd-heading-69eca10709e29.dfd-heading-module-wrap .dfd-heading-module .dfd-heading-delimiter {margin-top:10px;margin-bottom:10px;}<\/style>\");\n\t\t\t\t\t\t\t\t\t})(jQuery);\n\t\t\t\t\t\t\t\t<\/script><\/div><div class=\"dfd-spacer-module\"  data-units=\"px\" data-wide_resolution=\"1280\" data-wide_size=\"50\" data-normal_resolution=\"1024\" data-normal_size=\"50\" data-tablet_resolution=\"800\" data-tablet_size=\"20\" data-mobile_resolution=\"480\" data-mobile_size=\"20\" style=\"height: 50px;\"><\/div><div class=\"dfd-spacer-module\"  data-units=\"px\" data-wide_resolution=\"1280\" data-wide_size=\"50\" data-normal_resolution=\"1024\" data-normal_size=\"50\" data-tablet_resolution=\"800\" data-tablet_size=\"20\" data-mobile_resolution=\"480\" data-mobile_size=\"20\" style=\"height: 50px;\"><\/div>[\/vc_column_inner][\/vc_row_inner]<\/div>[\/vc_column][\/vc_row][\/vc_section]<\/p>\n","protected":false},"excerpt":{"rendered":"<p>[vc_section][vc_row css=&#8220;.vc_custom_1757352478458{background-color: #f4f4f4 !important;}&#8220;][vc_column][\/vc_column][\/vc_row][\/vc_section]<\/p>\n","protected":false},"author":1,"featured_media":0,"parent":0,"menu_order":0,"comment_status":"closed","ping_status":"closed","template":"page-custom-with-header.php","meta":{"inline_featured_image":false,"footnotes":""},"class_list":["post-950","page","type-page","status-publish","hentry"],"_links":{"self":[{"href":"https:\/\/drstaribacher.at\/public_html\/mobile\/wp-json\/wp\/v2\/pages\/950","targetHints":{"allow":["GET"]}}],"collection":[{"href":"https:\/\/drstaribacher.at\/public_html\/mobile\/wp-json\/wp\/v2\/pages"}],"about":[{"href":"https:\/\/drstaribacher.at\/public_html\/mobile\/wp-json\/wp\/v2\/types\/page"}],"author":[{"embeddable":true,"href":"https:\/\/drstaribacher.at\/public_html\/mobile\/wp-json\/wp\/v2\/users\/1"}],"replies":[{"embeddable":true,"href":"https:\/\/drstaribacher.at\/public_html\/mobile\/wp-json\/wp\/v2\/comments?post=950"}],"version-history":[{"count":11,"href":"https:\/\/drstaribacher.at\/public_html\/mobile\/wp-json\/wp\/v2\/pages\/950\/revisions"}],"predecessor-version":[{"id":1049,"href":"https:\/\/drstaribacher.at\/public_html\/mobile\/wp-json\/wp\/v2\/pages\/950\/revisions\/1049"}],"wp:attachment":[{"href":"https:\/\/drstaribacher.at\/public_html\/mobile\/wp-json\/wp\/v2\/media?parent=950"}],"curies":[{"name":"wp","href":"https:\/\/api.w.org\/{rel}","templated":true}]}}